{"id":2,"date":"2024-08-08T15:14:43","date_gmt":"2024-08-08T15:14:43","guid":{"rendered":"https:\/\/www.creaphilie.fr\/?page_id=2"},"modified":"2024-10-02T22:09:04","modified_gmt":"2024-10-02T22:09:04","slug":"sample-page","status":"publish","type":"page","link":"https:\/\/www.creaphilie.fr\/index.php\/sample-page\/","title":{"rendered":"Sample Page"},"content":{"rendered":"<p><\/p>\n<p>Certains diront &#8230; Enfin ! Depuis le temps qu&rsquo;elle en parle de faire son blog ;-).&nbsp;<br>Il faut dire que j&rsquo;ai \u00e9t\u00e9 bien occup\u00e9e ces derni\u00e8res ann\u00e9es &#8230;&nbsp;Entre le travail, les enfants, la reprise de mes \u00e9tudes et l&rsquo;obtention de mon Master, les travaux, le jardinage.&nbsp;<\/p>\n<p>Bref, une vie bien remplie et enfin un peu de mati\u00e8re&nbsp;<\/p>\n<p>Allez<\/p>\n<p><\/p>\n<blockquote style=\"background-color: #ffffffb0;\">\n<p><\/p>\n<\/blockquote>\n<p><!-- \/wp:post-content --><\/p>\n<p><!-- \/wp:cover --><\/p>\n<p><!-- wp:paragraph {\"align\":\"center\",\"fontSize\":\"large\"} --><\/p>\n<p>\n<\/p><p><!-- \/wp:paragraph --><\/p>\n<p><!-- wp:group {\"metadata\":{\"categories\":[\"banner\"],\"patternName\":\"twentytwentyfour\/cta-services-image-left\",\"name\":\"Services call to action with image on left\"},\"align\":\"full\",\"style\":{\"spacing\":{\"padding\":{\"top\":\"var:preset|spacing|50\",\"bottom\":\"var:preset|spacing|50\",\"left\":\"var:preset|spacing|50\",\"right\":\"var:preset|spacing|50\"},\"margin\":{\"top\":\"0\",\"bottom\":\"0\"}}},\"backgroundColor\":\"accent-5\",\"layout\":{\"type\":\"constrained\"}} --><\/p>\n<p><!-- wp:columns {\"align\":\"wide\",\"style\":{\"spacing\":{\"blockGap\":{\"top\":\"var:preset|spacing|40\",\"left\":\"var:preset|spacing|50\"}}}} --><\/p>\n<p><!-- wp:column {\"verticalAlignment\":\"center\",\"width\":\"60%\"} --><\/p>\n<p><!-- wp:image {\"aspectRatio\":\"4\/3\",\"scale\":\"cover\",\"sizeSlug\":\"full\",\"linkDestination\":\"none\",\"className\":\"is-style-rounded\",\"style\":{\"color\":{\"duotone\":\"var:preset|duotone|duotone-1\"}}} --><\/p>\n<figure><img decoding=\"async\" style=\"aspect-ratio: 4\/3; object-fit: cover;\" src=\"https:\/\/www.creaphilie.fr\/wp-content\/themes\/twentytwentyfour\/assets\/images\/abstract-geometric-art.webp\" alt=\"White abstract geometric artwork from Dresden, Germany\"><\/figure>\n<p><!-- \/wp:image --><\/p>\n<p><!-- \/wp:column --><\/p>\n<p><!-- wp:column {\"width\":\"40%\"} --><\/p>\n<p><!-- wp:heading --><\/p>\n<h2>Guiding your business through the project<\/h2>\n<p><!-- \/wp:heading --><\/p>\n<p><!-- wp:paragraph --><\/p>\n<p>Experience the fusion of imagination and expertise with \u00c9tudes\u2014the catalyst for architectural transformations that enrich the world around us.<\/p>\n<p><!-- \/wp:paragraph --><\/p>\n<p><!-- wp:buttons --><\/p>\n<p><!-- wp:button --><\/p>\n<a>Our services<\/a>\n<p><!-- \/wp:button --><\/p>\n<p><!-- \/wp:buttons --><\/p>\n<p><!-- \/wp:column --><\/p>\n<p><!-- \/wp:columns --><\/p>\n<p><!-- \/wp:group --><\/p>\n<p><!-- wp:preformatted --><\/p>\n<pre>&nbsp;<\/pre>\n<p><!-- \/wp:preformatted --><\/p>\n<p><!-- wp:preformatted --><\/p>\n<pre>&nbsp;<\/pre>\n<p><!-- \/wp:preformatted --><\/p>\n<p><!-- wp:verse --><\/p>\n<pre>trttr<\/pre>\n<p><!-- \/wp:verse --><\/p>","protected":false},"excerpt":{"rendered":"<p>Certains diront &#8230; Enfin ! Depuis le temps qu&rsquo;elle en parle de faire son blog ;-).&nbsp;Il faut dire que j&rsquo;ai \u00e9t\u00e9 bien occup\u00e9e ces derni\u00e8res ann\u00e9es &#8230;&nbsp;Entre le travail, les enfants, la reprise de mes \u00e9tudes et l&rsquo;obtention de mon Master, les travaux, le jardinage.&nbsp; Bref, une vie bien remplie et enfin un peu de [&hellip;]<\/p>\n","protected":false},"author":1,"featured_media":0,"parent":0,"menu_order":0,"comment_status":"closed","ping_status":"open","template":"","meta":{"footnotes":""},"class_list":["post-2","page","type-page","status-publish","hentry"],"blocksy_meta":[],"yoast_head":"<!-- This site is optimized with the Yoast SEO plugin v27.3 - https:\/\/yoast.com\/product\/yoast-seo-wordpress\/ -->\n<title>Sample Page - Cr\u00e9aphilie<\/title>\n<meta name=\"robots\" content=\"index, follow, max-snippet:-1, max-image-preview:large, max-video-preview:-1\" \/>\n<link rel=\"canonical\" href=\"https:\/\/www.creaphilie.fr\/index.php\/sample-page\/\" \/>\n<meta property=\"og:locale\" content=\"fr_FR\" \/>\n<meta property=\"og:type\" content=\"article\" \/>\n<meta property=\"og:title\" content=\"Sample Page - Cr\u00e9aphilie\" \/>\n<meta property=\"og:description\" content=\"Certains diront &#8230; Enfin ! Depuis le temps qu&rsquo;elle en parle de faire son blog ;-).&nbsp;Il faut dire que j&rsquo;ai \u00e9t\u00e9 bien occup\u00e9e ces derni\u00e8res ann\u00e9es &#8230;&nbsp;Entre le travail, les enfants, la reprise de mes \u00e9tudes et l&rsquo;obtention de mon Master, les travaux, le jardinage.&nbsp; Bref, une vie bien remplie et enfin un peu de [&hellip;]\" \/>\n<meta property=\"og:url\" content=\"https:\/\/www.creaphilie.fr\/index.php\/sample-page\/\" \/>\n<meta property=\"og:site_name\" content=\"Cr\u00e9aphilie\" \/>\n<meta property=\"article:modified_time\" content=\"2024-10-02T22:09:04+00:00\" \/>\n<meta property=\"og:image\" content=\"https:\/\/www.creaphilie.fr\/wp-content\/themes\/twentytwentyfour\/assets\/images\/abstract-geometric-art.webp\" \/>\n<meta name=\"twitter:card\" content=\"summary_large_image\" \/>\n<meta name=\"twitter:label1\" content=\"Dur\u00e9e de lecture estim\u00e9e\" \/>\n\t<meta name=\"twitter:data1\" content=\"1 minute\" \/>\n<script type=\"application\/ld+json\" class=\"yoast-schema-graph\">{\"@context\":\"https:\\\/\\\/schema.org\",\"@graph\":[{\"@type\":\"WebPage\",\"@id\":\"https:\\\/\\\/www.creaphilie.fr\\\/index.php\\\/sample-page\\\/\",\"url\":\"https:\\\/\\\/www.creaphilie.fr\\\/index.php\\\/sample-page\\\/\",\"name\":\"Sample Page - Cr\u00e9aphilie\",\"isPartOf\":{\"@id\":\"https:\\\/\\\/www.creaphilie.fr\\\/#website\"},\"primaryImageOfPage\":{\"@id\":\"https:\\\/\\\/www.creaphilie.fr\\\/index.php\\\/sample-page\\\/#primaryimage\"},\"image\":{\"@id\":\"https:\\\/\\\/www.creaphilie.fr\\\/index.php\\\/sample-page\\\/#primaryimage\"},\"thumbnailUrl\":\"https:\\\/\\\/www.creaphilie.fr\\\/wp-content\\\/themes\\\/twentytwentyfour\\\/assets\\\/images\\\/abstract-geometric-art.webp\",\"datePublished\":\"2024-08-08T15:14:43+00:00\",\"dateModified\":\"2024-10-02T22:09:04+00:00\",\"breadcrumb\":{\"@id\":\"https:\\\/\\\/www.creaphilie.fr\\\/index.php\\\/sample-page\\\/#breadcrumb\"},\"inLanguage\":\"fr-FR\",\"potentialAction\":[{\"@type\":\"ReadAction\",\"target\":[\"https:\\\/\\\/www.creaphilie.fr\\\/index.php\\\/sample-page\\\/\"]}]},{\"@type\":\"ImageObject\",\"inLanguage\":\"fr-FR\",\"@id\":\"https:\\\/\\\/www.creaphilie.fr\\\/index.php\\\/sample-page\\\/#primaryimage\",\"url\":\"https:\\\/\\\/www.creaphilie.fr\\\/wp-content\\\/themes\\\/twentytwentyfour\\\/assets\\\/images\\\/abstract-geometric-art.webp\",\"contentUrl\":\"https:\\\/\\\/www.creaphilie.fr\\\/wp-content\\\/themes\\\/twentytwentyfour\\\/assets\\\/images\\\/abstract-geometric-art.webp\"},{\"@type\":\"BreadcrumbList\",\"@id\":\"https:\\\/\\\/www.creaphilie.fr\\\/index.php\\\/sample-page\\\/#breadcrumb\",\"itemListElement\":[{\"@type\":\"ListItem\",\"position\":1,\"name\":\"Accueil\",\"item\":\"https:\\\/\\\/www.creaphilie.fr\\\/\"},{\"@type\":\"ListItem\",\"position\":2,\"name\":\"Sample Page\"}]},{\"@type\":\"WebSite\",\"@id\":\"https:\\\/\\\/www.creaphilie.fr\\\/#website\",\"url\":\"https:\\\/\\\/www.creaphilie.fr\\\/\",\"name\":\"Cr\u00e9aphilie\",\"description\":\"\",\"potentialAction\":[{\"@type\":\"SearchAction\",\"target\":{\"@type\":\"EntryPoint\",\"urlTemplate\":\"https:\\\/\\\/www.creaphilie.fr\\\/?s={search_term_string}\"},\"query-input\":{\"@type\":\"PropertyValueSpecification\",\"valueRequired\":true,\"valueName\":\"search_term_string\"}}],\"inLanguage\":\"fr-FR\"}]}<\/script>\n<!-- \/ Yoast SEO plugin. -->","yoast_head_json":{"title":"Sample Page - Cr\u00e9aphilie","robots":{"index":"index","follow":"follow","max-snippet":"max-snippet:-1","max-image-preview":"max-image-preview:large","max-video-preview":"max-video-preview:-1"},"canonical":"https:\/\/www.creaphilie.fr\/index.php\/sample-page\/","og_locale":"fr_FR","og_type":"article","og_title":"Sample Page - Cr\u00e9aphilie","og_description":"Certains diront &#8230; Enfin ! Depuis le temps qu&rsquo;elle en parle de faire son blog ;-).&nbsp;Il faut dire que j&rsquo;ai \u00e9t\u00e9 bien occup\u00e9e ces derni\u00e8res ann\u00e9es &#8230;&nbsp;Entre le travail, les enfants, la reprise de mes \u00e9tudes et l&rsquo;obtention de mon Master, les travaux, le jardinage.&nbsp; Bref, une vie bien remplie et enfin un peu de [&hellip;]","og_url":"https:\/\/www.creaphilie.fr\/index.php\/sample-page\/","og_site_name":"Cr\u00e9aphilie","article_modified_time":"2024-10-02T22:09:04+00:00","og_image":[{"url":"https:\/\/www.creaphilie.fr\/wp-content\/themes\/twentytwentyfour\/assets\/images\/abstract-geometric-art.webp","type":"","width":"","height":""}],"twitter_card":"summary_large_image","twitter_misc":{"Dur\u00e9e de lecture estim\u00e9e":"1 minute"},"schema":{"@context":"https:\/\/schema.org","@graph":[{"@type":"WebPage","@id":"https:\/\/www.creaphilie.fr\/index.php\/sample-page\/","url":"https:\/\/www.creaphilie.fr\/index.php\/sample-page\/","name":"Sample Page - Cr\u00e9aphilie","isPartOf":{"@id":"https:\/\/www.creaphilie.fr\/#website"},"primaryImageOfPage":{"@id":"https:\/\/www.creaphilie.fr\/index.php\/sample-page\/#primaryimage"},"image":{"@id":"https:\/\/www.creaphilie.fr\/index.php\/sample-page\/#primaryimage"},"thumbnailUrl":"https:\/\/www.creaphilie.fr\/wp-content\/themes\/twentytwentyfour\/assets\/images\/abstract-geometric-art.webp","datePublished":"2024-08-08T15:14:43+00:00","dateModified":"2024-10-02T22:09:04+00:00","breadcrumb":{"@id":"https:\/\/www.creaphilie.fr\/index.php\/sample-page\/#breadcrumb"},"inLanguage":"fr-FR","potentialAction":[{"@type":"ReadAction","target":["https:\/\/www.creaphilie.fr\/index.php\/sample-page\/"]}]},{"@type":"ImageObject","inLanguage":"fr-FR","@id":"https:\/\/www.creaphilie.fr\/index.php\/sample-page\/#primaryimage","url":"https:\/\/www.creaphilie.fr\/wp-content\/themes\/twentytwentyfour\/assets\/images\/abstract-geometric-art.webp","contentUrl":"https:\/\/www.creaphilie.fr\/wp-content\/themes\/twentytwentyfour\/assets\/images\/abstract-geometric-art.webp"},{"@type":"BreadcrumbList","@id":"https:\/\/www.creaphilie.fr\/index.php\/sample-page\/#breadcrumb","itemListElement":[{"@type":"ListItem","position":1,"name":"Accueil","item":"https:\/\/www.creaphilie.fr\/"},{"@type":"ListItem","position":2,"name":"Sample Page"}]},{"@type":"WebSite","@id":"https:\/\/www.creaphilie.fr\/#website","url":"https:\/\/www.creaphilie.fr\/","name":"Cr\u00e9aphilie","description":"","potentialAction":[{"@type":"SearchAction","target":{"@type":"EntryPoint","urlTemplate":"https:\/\/www.creaphilie.fr\/?s={search_term_string}"},"query-input":{"@type":"PropertyValueSpecification","valueRequired":true,"valueName":"search_term_string"}}],"inLanguage":"fr-FR"}]}},"_links":{"self":[{"href":"https:\/\/www.creaphilie.fr\/index.php\/wp-json\/wp\/v2\/pages\/2","targetHints":{"allow":["GET"]}}],"collection":[{"href":"https:\/\/www.creaphilie.fr\/index.php\/wp-json\/wp\/v2\/pages"}],"about":[{"href":"https:\/\/www.creaphilie.fr\/index.php\/wp-json\/wp\/v2\/types\/page"}],"author":[{"embeddable":true,"href":"https:\/\/www.creaphilie.fr\/index.php\/wp-json\/wp\/v2\/users\/1"}],"replies":[{"embeddable":true,"href":"https:\/\/www.creaphilie.fr\/index.php\/wp-json\/wp\/v2\/comments?post=2"}],"version-history":[{"count":8,"href":"https:\/\/www.creaphilie.fr\/index.php\/wp-json\/wp\/v2\/pages\/2\/revisions"}],"predecessor-version":[{"id":32,"href":"https:\/\/www.creaphilie.fr\/index.php\/wp-json\/wp\/v2\/pages\/2\/revisions\/32"}],"wp:attachment":[{"href":"https:\/\/www.creaphilie.fr\/index.php\/wp-json\/wp\/v2\/media?parent=2"}],"curies":[{"name":"wp","href":"https:\/\/api.w.org\/{rel}","templated":true}]}}